{"id":1498,"date":"2024-03-06T17:32:28","date_gmt":"2024-03-06T16:32:28","guid":{"rendered":"https:\/\/spark-valais.ch\/sparklab\/"},"modified":"2025-03-14T11:22:26","modified_gmt":"2025-03-14T10:22:26","slug":"sparklab","status":"publish","type":"page","link":"https:\/\/spark-valais.ch\/de\/sparklab\/","title":{"rendered":"Lab"},"content":{"rendered":"<h1 class=\"has-text-align-center wp-block-heading\">Testen Sie Ihre Innovation unter realen Bedingungen!<\/h1>\n\nEntdecken Sie unseren Aufruf zur Einreichung von L\u00f6sungen: SpArk LAB\n\n<h2 class=\"has-text-align-center wp-block-heading\">Wie l\u00e4uft ein SpArk LAB ab?<\/h2>\n\n<h3 class=\"wp-block-heading\">Edition 2025<\/h3>\n\nDieses Jahr ist es das legend\u00e4re Mountainbike-Rennen Grand Raid BCVs, das zum exklusiven Experimentierfeld wird!\n\n<div class=\"wp-block-buttons is-layout-flex wp-block-buttons-is-layout-flex\"><div class=\"wp-block-button\"><a class=\"wp-block-button__link\">Ich nehme teil!<\/a><\/div><\/div>\n\n<figure class=\"wp-block-image size-full\"><img decoding=\"async\" src=\"https:\/\/spark-valais.ch\/wp-content\/uploads\/2025\/03\/Plan-de-travail-1.svg\" alt class=\"wp-image-3398\"><\/figure>\n\n<div class=\"wp-block-buttons is-layout-flex wp-block-buttons-is-layout-flex\"><div class=\"wp-block-button\"><a class=\"wp-block-button__link\">Ich nehme teil!<\/a><\/div><\/div>\n\n<p>Der Grand Raid BCVs ist viel mehr als ein Rennen, er ist ein einzigartiges Abenteuer im Herzen der Alpen. Jedes Jahr versammelt es begeisterte Mountainbiker in einem aussergew\u00f6hnlichen Rahmen. Heute blickt die Veranstaltung in die Zukunft und will innovative L\u00f6sungen erforschen, um das Erlebnis der Teilnehmer zu bereichern, die Wirkung f\u00fcr seine Partner zu verst\u00e4rken und die durchquerten Regionen zu dynamisieren.<\/p>\n\n<h3 class=\"wp-block-heading\">Nutzen Sie diese einzigartige Plattform, um Ihre Innovation voranzutreiben!<\/h3>\n\n<p><strong>Privilegierter Zugang<\/strong> zur Veranstaltung, um Benutzertests zu organisieren<\/p>\n\n<p><strong>Zugang zu einer grossen Testergemeinschaft<\/strong>, die durch die Teilnehmer des Rennens repr\u00e4sentiert wird und ein beschleunigtes Feedback erm\u00f6glicht<\/p>\n\n<p><strong>Massgeschneiderte Begleitung<\/strong> mit pers\u00f6nlichem Coaching und gezielter Vermittlung von Kontakten<\/p>\n\n<p><strong>Zugang zu einem qualifizierten Netzwerk<\/strong>, das M\u00f6glichkeiten zur Zusammenarbeit bietet<\/p>\n\n<p><strong>Erh\u00f6hte Sichtbarkeit<\/strong> mit der Hervorhebung Ihrer L\u00f6sung in sozialen Netzwerken und w\u00e4hrend der Veranstaltung<\/p>\n\n<h4 class=\"wp-block-heading\">Die Teilnahmebedingungen<\/h4>\n\n<p>Reichen Sie eine L\u00f6sung im Prototypen-\/MVP-Status ein, die unter realen Bedingungen getestet werden kann (kommerziell vertriebene L\u00f6sungen sind nicht zul\u00e4ssig),<\/p>\n\n<p>Beweisen Sie, dass die L\u00f6sung f\u00fcr das gew\u00e4hlte Thema relevant ist,<\/p>\n\n<p>Demonstration eines Potenzials f\u00fcr die Gesch\u00e4ftsentwicklung.<\/p>\n\n<p>Das SpArk LAB steht allen Personen, Teams, Start-ups, Unternehmen, Studenten, Forschungsinstituten, Vereinen oder Industriegruppen &#8211; aus der Schweiz oder aus dem Ausland &#8211; offen, die eine innovative L\u00f6sung oder ein innovatives Konzept einreichen, herausfordern, testen, validieren und weiterentwickeln m\u00f6chten.<\/p>\n\n<h3 class=\"wp-block-heading\">Wer kann teilnehmen?<\/h3>\n\n<h3 class=\"wp-block-heading\">Ihre n\u00e4chsten Schritte<\/h3>\n\n<h4 class=\"wp-block-heading\">17. M\u00e4rz 2025<\/h4>\n\nStart der Aufforderung zur Einreichung von L\u00f6sungen\n\n1\n\n<h4 class=\"wp-block-heading\">13 Mai. 2025<\/h4>\n\nLetzte Frist f\u00fcr die Einreichung von Bewerbungen\n\n2\n\n<h4 class=\"wp-block-heading\">Ab Oktober 2025<\/h4>\n\nBegleitung der Nominierten\n\n5\n\n<h4 class=\"wp-block-heading\">6.September 2025<\/h4>\n\nExperimente auf dem Feld\n\n4\n\n<h4 class=\"wp-block-heading\">5. Juni 2025<\/h4>\n\nBeratung der Jury &amp; Auswahl der Nominierten\n\n3\n\n2025\n\nSie m\u00f6chten am SpArk LAB teilnehmen und Ihre Innovation unter realen Bedingungen w\u00e4hrend des Rennens des Grand Raid BCVs testen?\n\n<h4 class=\"wp-block-heading\">5. Profitieren von einer massgeschneiderten Begleitung<\/h4>\n\nProfitieren Sie von Expertenratschl\u00e4gen, um Ihre Innovation zu entwickeln und auf dem Markt zu verwerten.\n\n<figure class=\"wp-block-image size-full\"><img decoding=\"async\" src=\"https:\/\/spark-valais.ch\/wp-content\/uploads\/2024\/03\/mountain.svg\" alt class=\"wp-image-267\"><\/figure>\n\n<figure class=\"wp-block-image size-full\"><img decoding=\"async\" src=\"https:\/\/spark-valais.ch\/wp-content\/uploads\/2024\/03\/loupe.svg\" alt class=\"wp-image-271\"><\/figure>\n\n<h4 class=\"wp-block-heading\">1. Entdecken Sie die Themen<\/h4>\n\nErkunden Sie die vom organisator und vom partner festgelegten Themen und finden Sie das Thema, das Ihrer L\u00f6sung entspricht.\n\n<figure class=\"wp-block-image size-full\"><img decoding=\"async\" src=\"https:\/\/spark-valais.ch\/wp-content\/uploads\/2024\/03\/start.svg\" alt class=\"wp-image-270\"><\/figure>\n\n<h4 class=\"wp-block-heading\">2. Reichen Sie Ihre L\u00f6sung ein<\/h4>\n\nF\u00fcllen das Online-Bewerbungsformular vor Ablauf der Frist aus.\n\n<figure class=\"wp-block-image size-full\"><img decoding=\"async\" src=\"https:\/\/spark-valais.ch\/wp-content\/uploads\/2024\/03\/panneau.svg\" alt class=\"wp-image-269\"><\/figure>\n\n<h4 class=\"wp-block-heading\">3. Warten auf das Urteil der Experten<\/h4>\n\nEine Expertenjury wird die vielversprechendsten L\u00f6sungen anhand von Kriterien wie Innovation, Durchf\u00fchrbarkeit und potenzielle Auswirkungen bewerten und ausw\u00e4hlen.\n\n<figure class=\"wp-block-image size-full\"><img decoding=\"async\" src=\"https:\/\/spark-valais.ch\/wp-content\/uploads\/2024\/03\/chrono.svg\" alt class=\"wp-image-268\"><\/figure>\n\n<h4 class=\"wp-block-heading\">4. Testen Sie Ihre L\u00f6sung in der Praxis<\/h4>\n\nExperimentieren Sie mit Ihrer Innovation unter realen Bedingungen beim legend\u00e4ren Rennen Grand Raid BCVs.\n\n<h3 class=\"wp-block-heading\">Themen<\/h3>\n\n<p>Die Bewerbungen m\u00fcssen innovative L\u00f6sungen mit Schwerpunkt auf den folgenden Themen pr\u00e4sentieren:<\/p>\n\n<h4 class=\"wp-block-heading\">Digitalisierung und Immersion<\/h4>\n\n<p>Wie k\u00f6nnen wir Technologien nutzen, um das Erlebnis des Grand Raid zu bereichern? Ob Augmented Reality, Live-Tracking, interaktive Inhalte oder einnehmende Plattformen &#8211; wir versuchen, das Rennen f\u00fcr Teilnehmer und Zuschauer immersiver zu gestalten.<\/p>\n\n<p>Wie k\u00f6nnen wir das Mountainbiken in den Reisezielen, durch die der Grand Raid f\u00fchrt, aufwerten? Wir suchen nach Ideen, um die Geschichte der Strecke zu erz\u00e4hlen, das Mountainbiken sowie die Partnerdestinationen zu f\u00f6rdern und dieses Abenteuer weit \u00fcber den Tag des Rennens hinaus erlebbar zu machen.<\/p>\n\n<p>Wie k\u00f6nnen wir das Abenteuer Grand Raid vor, w\u00e4hrend und nach dem Rennen verl\u00e4ngern? Wir wollen eine leidenschaftliche Gemeinschaft um das Ereignis herum vereinen, indem wir Werkzeuge und Erfahrungen entwickeln, die die Interaktion und die Bindung der Teilnehmer st\u00e4rken.<\/p>\n\n<p>Wie k\u00f6nnen wir die Reisen von Teilnehmern, Zuschauern und Teams optimieren, um ein reibungsloseres und nachhaltigeres Erlebnis zu erm\u00f6glichen? Wir suchen nach innovativen L\u00f6sungen, die den Zugang zu den verschiedenen Bereichen der Strecke vereinfachen und gleichzeitig die Auswirkungen auf die Umwelt minimieren.<\/p>\n\n<p>Wir ermutigen die Bewerber auch dazu, Innovationsthemen vorzuschlagen, die \u00fcber die aufgelisteten Themen hinausgehen.<\/p>\n\n<h3 class=\"wp-block-heading\">Interessiert?<\/h3>\n\n<!-- wp:Array \/-->\n\nWettbewerbsregeln (Franz\u00f6sisch)\n\nWettbewerbsregeln (Englisch)\n\n<h4 class=\"wp-block-heading\">Gemeinschaftserlebnis und Engagement<\/h4>\n\n<h4 class=\"wp-block-heading\">Aufwertung der Regionen und der Strecke<\/h4>\n\n<h4 class=\"wp-block-heading\">Mobilit\u00e4t und intelligente Logistik<\/h4>\n\n<div class=\"wp-block-buttons is-layout-flex wp-block-buttons-is-layout-flex\"><div class=\"wp-block-button\"><a class=\"wp-block-button__link\">Ich nehme teil!<\/a><\/div><\/div>","protected":false},"excerpt":{"rendered":"<p>Testen Sie Ihre Innovation unter realen Bedingungen! Entdecken Sie unseren Aufruf zur Einreichung von L\u00f6sungen: SpArk LAB Wie l\u00e4uft ein SpArk LAB ab? Edition 2025 Dieses Jahr ist es das legend\u00e4re Mountainbike-Rennen Grand Raid BCVs, das zum exklusiven Experimentierfeld wird! Der Grand Raid BCVs ist viel mehr als ein Rennen, er ist ein einzigartiges Abenteuer [&hellip;]<\/p>\n","protected":false},"author":1,"featured_media":3722,"parent":0,"menu_order":0,"comment_status":"closed","ping_status":"closed","template":"","meta":{"_acf_changed":false,"footnotes":""},"class_list":["post-1498","page","type-page","status-publish","has-post-thumbnail","hentry"],"acf":[],"_links":{"self":[{"href":"https:\/\/spark-valais.ch\/de\/wp-json\/wp\/v2\/pages\/1498","targetHints":{"allow":["GET"]}}],"collection":[{"href":"https:\/\/spark-valais.ch\/de\/wp-json\/wp\/v2\/pages"}],"about":[{"href":"https:\/\/spark-valais.ch\/de\/wp-json\/wp\/v2\/types\/page"}],"author":[{"embeddable":true,"href":"https:\/\/spark-valais.ch\/de\/wp-json\/wp\/v2\/users\/1"}],"replies":[{"embeddable":true,"href":"https:\/\/spark-valais.ch\/de\/wp-json\/wp\/v2\/comments?post=1498"}],"version-history":[{"count":51,"href":"https:\/\/spark-valais.ch\/de\/wp-json\/wp\/v2\/pages\/1498\/revisions"}],"predecessor-version":[{"id":3727,"href":"https:\/\/spark-valais.ch\/de\/wp-json\/wp\/v2\/pages\/1498\/revisions\/3727"}],"wp:featuredmedia":[{"embeddable":true,"href":"https:\/\/spark-valais.ch\/de\/wp-json\/wp\/v2\/media\/3722"}],"wp:attachment":[{"href":"https:\/\/spark-valais.ch\/de\/wp-json\/wp\/v2\/media?parent=1498"}],"curies":[{"name":"wp","href":"https:\/\/api.w.org\/{rel}","templated":true}]}}