{"id":1494,"date":"2024-03-07T15:01:29","date_gmt":"2024-03-07T14:01:29","guid":{"rendered":"https:\/\/spark-valais.ch\/home\/"},"modified":"2025-03-06T16:32:01","modified_gmt":"2025-03-06T15:32:01","slug":"home","status":"publish","type":"page","link":"https:\/\/spark-valais.ch\/de\/","title":{"rendered":"home"},"content":{"rendered":"Entwickeln Sie Ihre Innovation dank eines F\u00f6rderprogramms, das den Bewegungswissenschaften und -technologien gewidmet ist, mit professioneller Betreuung und geeigneten Infrastrukturen im Wallis.\n\n<h1 class=\"has-text-align-center wp-block-heading\">SpArk <br> ist ein einzigartiges Innovationszentrum<\/h1>\n\n<h2 class=\"has-text-align-left wp-block-heading\">Die Nachrichten<\/h2>\n\n<div class=\"wp-block-buttons is-layout-flex wp-block-buttons-is-layout-flex\"><div class=\"wp-block-button\"><a class=\"wp-block-button__link\">Alle Nachrichten anzeigen<\/a><\/div><\/div>\n\n<h3 class=\"wp-block-heading\">Testen Sie Ihre Innovation unter realen Bedingungen!<\/h3>\n\n<figure class=\"wp-block-image size-medium\"><img loading=\"lazy\" decoding=\"async\" width=\"300\" height=\"112\" src=\"https:\/\/spark-valais.ch\/wp-content\/uploads\/2024\/03\/spArk_lab_logo-300x112.png\" alt class=\"wp-image-1460\" srcset=\"https:\/\/spark-valais.ch\/wp-content\/uploads\/2024\/03\/spArk_lab_logo-300x112.png 300w, https:\/\/spark-valais.ch\/wp-content\/uploads\/2024\/03\/spArk_lab_logo-1024x381.png 1024w, https:\/\/spark-valais.ch\/wp-content\/uploads\/2024\/03\/spArk_lab_logo-768x286.png 768w, https:\/\/spark-valais.ch\/wp-content\/uploads\/2024\/03\/spArk_lab_logo.png 1029w\" sizes=\"auto, (max-width: 300px) 100vw, 300px\" \/><\/figure>\n\nDas SpArk LAB ist ein Aufruf zur Einreichung von L\u00f6sungen, der es Projekttr\u00e4gern erm\u00f6glicht, ihre L\u00f6sung oder ihr Konzept unter realen Bedingungen zu testen, und Sportveranstaltern die M\u00f6glichkeit gibt, zu einem echten Innovationslabor zu werden.\n\n<div class=\"wp-block-buttons is-layout-flex wp-block-buttons-is-layout-flex\"><div class=\"wp-block-button\"><a class=\"wp-block-button__link\">mehr erfahren<\/a><\/div><\/div>\n\n<p>Hochmoderne Infrastruktur<\/p>\n\n<p>Netzwerk<\/p>\n\n<p>Suche nach Finanzierung<\/p>\n\n<h3 class=\"wp-block-heading\">Bringen Sie Ihre Innovation auf neue H\u00f6hen!<\/h3>\n\nProfitieren Sie von professioneller Betreuung und geeigneten Strukturen, um das Potenzial Ihrer Innovation zu entwickeln.\n\n<p>Massgeschneidertes Coaching<\/p>\n\n<div class=\"wp-block-buttons is-layout-flex wp-block-buttons-is-layout-flex\"><div class=\"wp-block-button\"><a class=\"wp-block-button__link\">mehr erfahren<\/a><\/div><\/div>\n\n<p>Infrastruktur zum Testen und Trainieren<\/p>\n\n\n\n<h3 class=\"wp-block-heading\">Optimieren Sie Ihre Leistung auf dem Site von SpArk in Sion!<\/h3>\n\nEntfalten Sie Ihr Potenzial auf unseren Pl\u00e4tzen, die der sportlichen und unternehmerischen Exzellenz gewidmet sind!\n\n<div class=\"wp-block-buttons is-layout-flex wp-block-buttons-is-layout-flex\"><div class=\"wp-block-button\"><a class=\"wp-block-button__link\">mehr erfahren<\/a><\/div><\/div>\n\n\n\n<p>Beratungsbereich<\/p>\n\n<p>Forschungsorganisation F&amp;E<\/p>\n\n<p>Gewidmeter Bereich<\/p>\n\n<p>Inkubator<\/p>\n\n<p>Medizinisch-technischer Bereich<\/p>\n\n<h3 class=\"has-text-align-left wp-block-heading\">Mit seiner aussergew\u00f6hnlichen Topographie bietet der Kanton Wallis ein attraktives Spielfeld und eine hochmoderne Infrastruktur<\/h3>\n\nFast 8.000 km markierte Trailpfade\n\n10 Schl\u00fcsselziele f\u00fcr Bergl\u00e4ufe\n\n29 Downhill-Strecken\n\n6 Bikeparks","protected":false},"excerpt":{"rendered":"<p>Entwickeln Sie Ihre Innovation dank eines F\u00f6rderprogramms, das den Bewegungswissenschaften und -technologien gewidmet ist, mit professioneller Betreuung und geeigneten Infrastrukturen im Wallis. SpArk ist ein einzigartiges Innovationszentrum Die Nachrichten Testen Sie Ihre Innovation unter realen Bedingungen! Das SpArk LAB ist ein Aufruf zur Einreichung von L\u00f6sungen, der es Projekttr\u00e4gern erm\u00f6glicht, ihre L\u00f6sung oder ihr Konzept [&hellip;]<\/p>\n","protected":false},"author":1,"featured_media":3328,"parent":0,"menu_order":0,"comment_status":"closed","ping_status":"closed","template":"","meta":{"_acf_changed":false,"footnotes":""},"class_list":["post-1494","page","type-page","status-publish","has-post-thumbnail","hentry"],"acf":[],"_links":{"self":[{"href":"https:\/\/spark-valais.ch\/de\/wp-json\/wp\/v2\/pages\/1494","targetHints":{"allow":["GET"]}}],"collection":[{"href":"https:\/\/spark-valais.ch\/de\/wp-json\/wp\/v2\/pages"}],"about":[{"href":"https:\/\/spark-valais.ch\/de\/wp-json\/wp\/v2\/types\/page"}],"author":[{"embeddable":true,"href":"https:\/\/spark-valais.ch\/de\/wp-json\/wp\/v2\/users\/1"}],"replies":[{"embeddable":true,"href":"https:\/\/spark-valais.ch\/de\/wp-json\/wp\/v2\/comments?post=1494"}],"version-history":[{"count":28,"href":"https:\/\/spark-valais.ch\/de\/wp-json\/wp\/v2\/pages\/1494\/revisions"}],"predecessor-version":[{"id":3667,"href":"https:\/\/spark-valais.ch\/de\/wp-json\/wp\/v2\/pages\/1494\/revisions\/3667"}],"wp:featuredmedia":[{"embeddable":true,"href":"https:\/\/spark-valais.ch\/de\/wp-json\/wp\/v2\/media\/3328"}],"wp:attachment":[{"href":"https:\/\/spark-valais.ch\/de\/wp-json\/wp\/v2\/media?parent=1494"}],"curies":[{"name":"wp","href":"https:\/\/api.w.org\/{rel}","templated":true}]}}